{"id":33897,"date":"2019-10-21T11:48:28","date_gmt":"2019-10-21T09:48:28","guid":{"rendered":"http:\/\/www.nortecsport.com\/it\/?page_id=33897"},"modified":"2019-10-21T11:48:28","modified_gmt":"2019-10-21T09:48:28","slug":"guida-alla-scelta-della-taglia","status":"publish","type":"page","link":"https:\/\/stage-www.nortecsport.com\/it\/guida-alla-scelta-della-taglia\/","title":{"rendered":"Guida alla scelta della taglia"},"content":{"rendered":"<p>[et_pb_section bb_built=&#8221;1&#8243; next_background_color=&#8221;#000000&#8243;][et_pb_row][et_pb_column type=&#8221;4_4&#8243;][et_pb_text _builder_version=&#8221;3.12.2&#8243;]<\/p>\n<h1>Guida alla scelta della taglia<\/h1>\n<p>[\/et_pb_text][et_pb_image _builder_version=&#8221;3.12.2&#8243; src=&#8221;http:\/\/www.nortecsport.com\/it\/wp-content\/uploads\/2018\/10\/Nortec_trail_Val_Rezzalo_Laura_Besseghini_GM_17-0871.jpg&#8221; force_fullwidth=&#8221;on&#8221; \/][et_pb_text _builder_version=&#8221;3.12.2&#8243;]<\/p>\n<h2>Cos\u2019\u00e8 un ramponcino<\/h2>\n<p>I ramponcini o micro crampons (micro ramponi) sono dei dispositivi antiscivolo per calzature. Si distinguono dai classici ramponi principalmente per il peso ed ingombri ridotti e per la facilit\u00e0 di calzata. I micro ramponi non sono stati sviluppati per l\u2019arrampicata bens\u00ec per la sicurezza della deambulazione in tutte le situazioni dove la stabilit\u00e0 \u00e8 messa in pericolo da un fondo scivoloso a causa di neve, ghiaccio, fango, erba bagnata, ecc.<\/p>\n<p>I micro ramponi sono costituiti da una parte inferiore (interamente metallica o in parte metallica e in parte plastica), a contatto fra la suola della calzatura ed il terreno, che svolge la funzione antiscivolo e da una parte superiore, in materiale elastico, che tiene posizionato il micro rampone sulla calzatura.<br \/>\nUna coppia di micro ramponi generalmente pesa dai 450 gr per i modelli da escursionismo e winter trekking, fino ai soli 180 gr per i modelli destinati alle gare di winter trail e vertical running.<br \/>\nI micro ramponi, nelle diverse declinazioni di modello, si prestano quindi a svariati usi: dall\u2019escursionismo alle attivit\u00e0 lavorative all\u2019aperto; dalla corsa in ambiente invernale o terreni scivolosi al nordic walking; al camminare o passeggiare in sicurezza in citt\u00e0 quando \u00e8 presente ghiaccio o neve.<\/p>\n<p>Servono dunque per camminare e correre sul ghiaccio, sulla neve, su terreni erbosi bagnati, su terreni molli, fangosi o scivolosi. Non sono adatti a terreni particolarmente duri, sassosi o coperti di pietre, in quanto su tali superfici c\u2019\u00e8 il rischio di scivolare.<\/p>\n<p>[\/et_pb_text][\/et_pb_column][\/et_pb_row][\/et_pb_section][et_pb_section bb_built=&#8221;1&#8243; next_background_color=&#8221;#000000&#8243; prev_background_color=&#8221;#000000&#8243;][et_pb_row][et_pb_column type=&#8221;4_4&#8243;][et_pb_image _builder_version=&#8221;3.12.2&#8243; src=&#8221;http:\/\/www.nortecsport.com\/it\/wp-content\/uploads\/2018\/10\/productmanual_v2.jpg&#8221; \/][\/et_pb_column][\/et_pb_row][et_pb_row][et_pb_column type=&#8221;1_4&#8243;][et_pb_text _builder_version=&#8221;3.12.2&#8243;]<\/p>\n<p><span style=\"color: #ff0000;\"><em><strong>1)<\/strong> <\/em><\/span>individuare la parte anteriore e quella posteriore del micro rampone; quest\u2019ultima \u00e8 individuata dalla scritta \u201cBACK\u201d. Infilare l\u2019elastico attraverso la parte anteriore della scarpa assicurandosi che l\u2019antiscivolo (piastrine ramponate o chiodi) sia rivolto verso l\u2019esterno e non verso la suola della calzatura. Non c\u2019\u00e8 differenza fra micro rampone destro e sinistro.<\/p>\n<p>[\/et_pb_text][\/et_pb_column][et_pb_column type=&#8221;1_4&#8243;][et_pb_text _builder_version=&#8221;3.12.2&#8243;]<\/p>\n<p><em><strong><span style=\"color: #ff0000;\">2)<\/span> <\/strong><\/em>dopo aver infilato la scarpa nell\u2019elastico, assicurarsi che nessun particolare sia posizionato in modo anomalo o sia incastrato nelle protuberanze o avvallamenti della suola battistrada. Se il micro rampone \u00e8 posizionato correttamente, l\u2019elastico si tender\u00e0 senza particolare sforzo fino al suo corretto posizionamento sul tallone della calzatura.<\/p>\n<p>[\/et_pb_text][\/et_pb_column][et_pb_column type=&#8221;1_4&#8243;][et_pb_text _builder_version=&#8221;3.12.2&#8243;]<\/p>\n<p><em><strong><span style=\"color: #ff0000;\">3)<\/span><\/strong><\/em> assicurarsi che i micro ramponi coprano uniformemente la superficie della suola e che aderiscano alla scarpa in modo ottimale.<\/p>\n<p>[\/et_pb_text][\/et_pb_column][et_pb_column type=&#8221;1_4&#8243;][et_pb_text _builder_version=&#8221;3.12.2&#8243;]<\/p>\n<p><em><strong><span style=\"color: #ff0000;\">4)<\/span> <\/strong><\/em>verificare il corretto montaggio accertandosi che tutti i componenti siano in leggera tensione, nessun particolare sia incastrato in modo anomalo nelle protuberanze o avvallamenti della suola battistrada e che l\u2019elastico non sia MAI posizionato fra la suola ed il terreno.<\/p>\n<p>[\/et_pb_text][\/et_pb_column][\/et_pb_row][et_pb_row][et_pb_column type=&#8221;4_4&#8243;][et_pb_text _builder_version=&#8221;3.12.2&#8243;]<\/p>\n<h3>HOW TO FIT &#8211; HE HAS TO KNOW<\/h3>\n<p>Marco De Gasperi \u2013 Skyrunning World Champion 2017 \u2013\u00a0was instrumentally involved in the development of TRAIL and uses the NORTEC MICRO CRAMPONS for his training and in races. In this two video he shows how to put on TRAIL and NORDIC.<\/p>\n<p>[\/et_pb_text][\/et_pb_column][\/et_pb_row][et_pb_row][et_pb_column type=&#8221;1_2&#8243;][et_pb_video _builder_version=&#8221;3.12.2&#8243; src=&#8221;http:\/\/www.nortecsport.com\/it\/wp-content\/uploads\/2018\/09\/trail_howtofit1.mp4&#8243; \/][\/et_pb_column][et_pb_column type=&#8221;1_2&#8243;][et_pb_video _builder_version=&#8221;3.12.2&#8243; src=&#8221;http:\/\/www.nortecsport.com\/it\/wp-content\/uploads\/2018\/10\/nordic_howtofit.mp4&#8243; \/][\/et_pb_column][\/et_pb_row][et_pb_row][et_pb_column type=&#8221;4_4&#8243;][et_pb_divider _builder_version=&#8221;3.12.2&#8243; \/][\/et_pb_column][\/et_pb_row][\/et_pb_section][et_pb_section bb_built=&#8221;1&#8243; prev_background_color=&#8221;#000000&#8243; next_background_color=&#8221;#000000&#8243;][et_pb_row][et_pb_column type=&#8221;1_2&#8243;][et_pb_text _builder_version=&#8221;3.12.2&#8243;]<\/p>\n<h3>Guida alla scelta della taglia<\/h3>\n<p>[\/et_pb_text][et_pb_image _builder_version=&#8221;3.12.2&#8243; src=&#8221;http:\/\/www.nortecsport.com\/it\/wp-content\/uploads\/2018\/10\/productmanual_v3.jpg&#8221; \/][\/et_pb_column][et_pb_column type=&#8221;1_2&#8243;][et_pb_text _builder_version=&#8221;3.12.2&#8243;]<\/p>\n<h5><span style=\"color: #000000;\">LEGEND<\/span><\/h5>\n<p>L = lunghezza scarpa &#8211; <em>shoe lenght<\/em><\/p>\n<p>C = circonferenza scarpa ad \u00bc della lunghezza dalla punta &#8211;<em> shoe circumference at \u00bc\u00a0 of the shoe lenght from the tip<\/em><\/p>\n<p>[\/et_pb_text][\/et_pb_column][\/et_pb_row][\/et_pb_section][et_pb_section bb_built=&#8221;1&#8243; next_background_color=&#8221;#000000&#8243; prev_background_color=&#8221;#000000&#8243;][et_pb_row][et_pb_column type=&#8221;4_4&#8243;][et_pb_image admin_label=&#8221;TRAIL&#8221; _builder_version=&#8221;3.12.2&#8243; src=&#8221;http:\/\/www.nortecsport.com\/it\/wp-content\/uploads\/2018\/09\/TRAIL_Seite.jpg&#8221; module_alignment=&#8221;left&#8221; max_width=&#8221;25%&#8221; \/][et_pb_text _builder_version=&#8221;3.12.2&#8243;]<\/p>\n<h3>TRAIL micro ramponi MINIMAL a calzata rapida<\/h3>\n<p>[\/et_pb_text][et_pb_image _builder_version=&#8221;3.12.2&#8243; src=&#8221;http:\/\/www.nortecsport.com\/it\/wp-content\/uploads\/2018\/10\/sizes_trail.svg&#8221; \/][\/et_pb_column][\/et_pb_row][et_pb_row][et_pb_column type=&#8221;4_4&#8243;][et_pb_image admin_label=&#8221;NORDIC&#8221; _builder_version=&#8221;3.12.2&#8243; src=&#8221;http:\/\/www.nortecsport.com\/it\/wp-content\/uploads\/2018\/09\/NORDIC_Seite.jpg&#8221; module_alignment=&#8221;left&#8221; max_width=&#8221;25%&#8221; \/][et_pb_text _builder_version=&#8221;3.12.2&#8243;]<\/p>\n<h3>NORDIC micro ramponi ultraleggeri a calzata rapida<\/h3>\n<p>[\/et_pb_text][et_pb_image _builder_version=&#8221;3.12.2&#8243; src=&#8221;http:\/\/www.nortecsport.com\/it\/wp-content\/uploads\/2018\/10\/sizes_nordic.svg&#8221; \/][\/et_pb_column][\/et_pb_row][et_pb_row][et_pb_column type=&#8221;4_4&#8243;][et_pb_image admin_label=&#8221;CORSA&#8221; _builder_version=&#8221;3.12.2&#8243; src=&#8221;http:\/\/www.nortecsport.com\/it\/wp-content\/uploads\/2018\/09\/CORSA_Seite.jpg&#8221; module_alignment=&#8221;left&#8221; max_width=&#8221;25%&#8221; \/][et_pb_text _builder_version=&#8221;3.12.2&#8243;]<\/p>\n<h3>CORSA micro ramponi a calzata rapida<\/h3>\n<p>[\/et_pb_text][et_pb_image _builder_version=&#8221;3.12.2&#8243; src=&#8221;http:\/\/www.nortecsport.com\/it\/wp-content\/uploads\/2018\/10\/sizes_corsa.svg&#8221; \/][\/et_pb_column][\/et_pb_row][et_pb_row][et_pb_column type=&#8221;4_4&#8243;][et_pb_image admin_label=&#8221;ALP&#8221; _builder_version=&#8221;3.12.2&#8243; src=&#8221;http:\/\/www.nortecsport.com\/it\/wp-content\/uploads\/2018\/09\/ALP_Seite.jpg&#8221; module_alignment=&#8221;left&#8221; max_width=&#8221;25%&#8221; \/][et_pb_text _builder_version=&#8221;3.12.2&#8243;]<\/p>\n<h3>ALP &amp; ALP FOREST micro ramponi quick fit<\/h3>\n<p>[\/et_pb_text][et_pb_image _builder_version=&#8221;3.12.2&#8243; src=&#8221;http:\/\/www.nortecsport.com\/it\/wp-content\/uploads\/2018\/10\/sizes_alp.svg&#8221; \/][\/et_pb_column][\/et_pb_row][et_pb_row][et_pb_column type=&#8221;4_4&#8243;][\/et_pb_column][\/et_pb_row][\/et_pb_section][et_pb_section bb_built=&#8221;1&#8243; prev_background_color=&#8221;#000000&#8243;][et_pb_row][et_pb_column type=&#8221;4_4&#8243;][\/et_pb_column][\/et_pb_row][\/et_pb_section]<\/p>\n","protected":false},"excerpt":{"rendered":"<p>Guida alla scelta della taglia Cos\u2019\u00e8 un ramponcino I ramponcini o micro crampons (micro ramponi) sono dei dispositivi antiscivolo per calzature. Si distinguono dai classici ramponi principalmente per il peso ed ingombri ridotti e per la facilit\u00e0 di calzata. I micro ramponi non sono stati sviluppati per l\u2019arrampicata bens\u00ec per la sicurezza della deambulazione in [&hellip;]<\/p>\n","protected":false},"author":4,"featured_media":0,"parent":0,"menu_order":0,"comment_status":"closed","ping_status":"closed","template":"","meta":{"_et_pb_use_builder":"on","_et_pb_old_content":"","_et_gb_content_width":""},"_links":{"self":[{"href":"https:\/\/stage-www.nortecsport.com\/it\/wp-json\/wp\/v2\/pages\/33897"}],"collection":[{"href":"https:\/\/stage-www.nortecsport.com\/it\/wp-json\/wp\/v2\/pages"}],"about":[{"href":"https:\/\/stage-www.nortecsport.com\/it\/wp-json\/wp\/v2\/types\/page"}],"author":[{"embeddable":true,"href":"https:\/\/stage-www.nortecsport.com\/it\/wp-json\/wp\/v2\/users\/4"}],"replies":[{"embeddable":true,"href":"https:\/\/stage-www.nortecsport.com\/it\/wp-json\/wp\/v2\/comments?post=33897"}],"version-history":[{"count":1,"href":"https:\/\/stage-www.nortecsport.com\/it\/wp-json\/wp\/v2\/pages\/33897\/revisions"}],"predecessor-version":[{"id":33898,"href":"https:\/\/stage-www.nortecsport.com\/it\/wp-json\/wp\/v2\/pages\/33897\/revisions\/33898"}],"wp:attachment":[{"href":"https:\/\/stage-www.nortecsport.com\/it\/wp-json\/wp\/v2\/media?parent=33897"}],"curies":[{"name":"wp","href":"https:\/\/api.w.org\/{rel}","templated":true}]}}